{"id":4367,"date":"2024-04-09T07:40:30","date_gmt":"2024-04-09T06:40:30","guid":{"rendered":"https:\/\/3r.com.pl\/beispielseite\/"},"modified":"2024-04-09T09:25:35","modified_gmt":"2024-04-09T08:25:35","slug":"beispielseite","status":"publish","type":"page","link":"https:\/\/3r.com.pl\/de\/beispielseite\/","title":{"rendered":"Beispielseite"},"content":{"rendered":"<div class=\"wpb-content-wrapper\"><p>[vc_row full_width=&#8220;stretch_row&#8220; css=&#8220;.vc_custom_1712645631782{padding-left: 0px !important;background-color: #181f29 !important;}&#8220; el_class=&#8220;row-w-image row-w-color-dark&#8220;][vc_column width=&#8220;1\/2&#8243; css=&#8220;.vc_custom_1712644186166{padding-top: 0px !important;padding-bottom: 0px !important;padding-left: 0px !important;}&#8220;][vc_single_image image=&#8220;3494&#8243; img_size=&#8220;medium&#8220; alignment=&#8220;center&#8220; css=&#8220;.vc_custom_1712644248125{margin-bottom: 0px !important;}&#8220;][\/vc_column][vc_column width=&#8220;1\/2&#8243; css=&#8220;.vc_custom_1712645203494{padding-right: 30px !important;padding-left: 35px !important;}&#8220;][vc_custom_heading text=&#8220;Ich liebe es!&#8220; font_container=&#8220;tag:h2|text_align:left|color:%23ffffff&#8220; use_theme_fonts=&#8220;yes&#8220;][vc_column_text]Ich bin ein Textblock. Klicken Sie auf die Schaltfl\u00e4che Bearbeiten, um diesen Text zu \u00e4ndern. Lorem ipsum dolor sit amet, consectetur adipiscing elit. Ut elit tellus, luctus nec ullamcorper mattis, pulvinar dapibus leo.[\/vc_column_text][\/vc_column][\/vc_row][vc_row css=&#8220;.vc_custom_1712650595493{padding-top: 50px !important;padding-bottom: 50px !important;background-position: center !important;background-repeat: no-repeat !important;background-size: cover !important;}&#8220;][vc_column][vc_column_text]<\/p>\n<p style=\"text-align: center;\">Ein Bett voller Haare, eine verstopfte Waschmaschine, ein unangenehmer Geruch&#8230;. Wie viel Zeit, Nerven und Energie m\u00fcssen Sie aufwenden, um die Einstreu Ihres Hundes oder Ihrer Katze zu reinigen? Und dann zum Reinigen der Waschmaschine&#8230;.<\/p>\n<h2 style=\"text-align: center;\">Kommt Ihnen das bekannt vor?<\/h2>\n<h3 style=\"text-align: center;\">Das richtige Waschen der Einstreu Ihres Haustieres ist nicht einfach!<br \/>\nUnd wenn es so w\u00e4re?<\/h3>\n<p>[\/vc_column_text][\/vc_column][\/vc_row][vc_row css=&#8220;.vc_custom_1712650603360{padding-top: 50px !important;padding-bottom: 50px !important;}&#8220;][vc_column width=&#8220;2\/3&#8243;][vc_column_text]<\/p>\n<h2>Ein Beutel f\u00fcr jede W\u00e4sche, keine Haare zu entfernen<\/h2>\n<h3>Und endlich m\u00fcssen Sie die Trommel nach dem Waschen nicht mehr reinigen.<\/h3>\n<p>Vamoosh ist ein innovatives und umweltfreundliches Pulver zur Entfernung von Tierhaaren. Die einzigartige Formel mit Aktivsauerstoff l\u00f6st das Haar im hei\u00dfen Wasser auf und h\u00e4lt sowohl das Bett als auch die Waschmaschine perfekt sauber und duftend.[\/vc_column_text][\/vc_column][vc_column width=&#8220;1\/3&#8243;][vc_single_image image=&#8220;4335&#8243; img_size=&#8220;medium&#8220;][\/vc_column][\/vc_row][vc_row css=&#8220;.vc_custom_1712650610689{padding-top: 50px !important;padding-bottom: 50px !important;}&#8220;][vc_column width=&#8220;1\/2&#8243; css=&#8220;.vc_custom_1712644186166{padding-top: 0px !important;padding-bottom: 0px !important;padding-left: 0px !important;}&#8220;][vc_video link=&#8220;https:\/\/www.youtube.com\/watch?v=gZfgFNMqHQQ&#8220; el_aspect=&#8220;43&#8243; align=&#8220;center&#8220;][\/vc_column][vc_column width=&#8220;1\/2&#8243;][vc_custom_heading text=&#8220;Schnell.<br \/>\nPraktisch.<br \/>\nPraktisch.&#8220; use_theme_fonts=&#8220;yes&#8220;][vc_column_text]Ein Beutel und eine hohe Temperatur von 85-95\u00b0C gen\u00fcgen, um die Haare zu entfernen. Um den Rest k\u00fcmmert sich Vamoosh.<\/p>\n<p>Sehen Sie sich das Video an, um sich von der Wirksamkeit des Vamoosh-Pulvers zu \u00fcberzeugen[\/vc_column_text][\/vc_column][\/vc_row][vc_row full_width=&#8220;stretch_row&#8220; css=&#8220;.vc_custom_1712646934811{padding-top: 100px !important;padding-bottom: 100px !important;background-image: url(https:\/\/3r.com.pl\/wp-content\/uploads\/20201120_092858_0000.png?id=2707) !important;background-position: center !important;background-repeat: no-repeat !important;background-size: cover !important;}&#8220;][vc_column][vc_custom_heading text=&#8220;Warum Pulver w\u00e4hlen<br \/>\nVamoosh, das die Haare effektiv entfernt?&#8220; font_container=&#8220;tag:h2|text_align:center|color:%23ffffff&#8220; use_theme_fonts=&#8220;yes&#8220;][\/vc_column][\/vc_row][vc_row css=&#8220;.vc_custom_1712647665551{margin-top: -95px !important;}&#8220;][vc_column width=&#8220;1\/3&#8243;][vc_icon icon_fontawesome=&#8220;fas fa-frog&#8220; color=&#8220;white&#8220; background_style=&#8220;rounded&#8220; background_color=&#8220;custom&#8220; size=&#8220;lg&#8220; align=&#8220;center&#8220; custom_background_color=&#8220;#53b82c&#8220;][vc_column_text]<\/p>\n<h4 style=\"text-align: center;\">Bequem f\u00fcr Sie<br \/>\nund Haushaltsmitglieder<\/h4>\n<p style=\"text-align: center;\">Mit Vamoosh ist es fabelhaft einfach, das Bett und die Waschmaschine sauber zu halten, und es dauert buchst\u00e4blich nur einen Moment.<\/p>\n<p>[\/vc_column_text][\/vc_column][vc_column width=&#8220;1\/3&#8243;][vc_icon icon_fontawesome=&#8220;fas fa-hippo&#8220; color=&#8220;white&#8220; background_style=&#8220;rounded&#8220; background_color=&#8220;custom&#8220; size=&#8220;lg&#8220; align=&#8220;center&#8220; custom_background_color=&#8220;#53b82c&#8220;][vc_column_text]<\/p>\n<h4 style=\"text-align: center;\">Bequem f\u00fcr Sie<br \/>\nund Haushaltsmitglieder<\/h4>\n<p style=\"text-align: center;\">Mit Vamoosh ist es fabelhaft einfach, das Bett und die Waschmaschine sauber zu halten, und es dauert buchst\u00e4blich nur einen Moment.<\/p>\n<p>[\/vc_column_text][\/vc_column][vc_column width=&#8220;1\/3&#8243;][vc_icon icon_fontawesome=&#8220;fas fa-horse&#8220; color=&#8220;white&#8220; background_style=&#8220;rounded&#8220; background_color=&#8220;custom&#8220; size=&#8220;lg&#8220; align=&#8220;center&#8220; custom_background_color=&#8220;#53b82c&#8220;][vc_column_text]<\/p>\n<h4 style=\"text-align: center;\">Bequem f\u00fcr Sie<br \/>\nund Haushaltsmitglieder<\/h4>\n<p style=\"text-align: center;\">Mit Vamoosh ist es fabelhaft einfach, das Bett und die Waschmaschine sauber zu halten, und es dauert buchst\u00e4blich nur einen Moment.<\/p>\n<p>[\/vc_column_text][\/vc_column][\/vc_row][vc_row css=&#8220;.vc_custom_1712650641070{padding-top: 50px !important;}&#8220;][vc_column][vc_custom_heading text=&#8220;Wie viel Vamoosh-Pulver brauchen Sie?<br \/>\num Haare zu entfernen?&#8220; font_container=&#8220;tag:h2|text_align:center&#8220; use_theme_fonts=&#8220;yes&#8220;][\/vc_column][\/vc_row][vc_row css=&#8220;.vc_custom_1712650649082{padding-bottom: 50px !important;}&#8220;][vc_column width=&#8220;1\/3&#8243;][vc_single_image image=&#8220;4343&#8243; alignment=&#8220;center&#8220;][vc_column_text]<\/p>\n<h4 style=\"text-align: center;\">2 Packungen<br \/>\n6 Portionsbeutel f\u00fcr 6 Waschg\u00e4nge<\/h4>\n<p style=\"text-align: center;\">39,97 PLN f\u00fcr 1 Packung<br \/>\n<strong>Mehr kaufen 10% Rabatt<\/strong><\/p>\n<p>[\/vc_column_text][vc_btn title=&#8220;Schaltfl\u00e4che&#8220; shape=&#8220;round&#8220; color=&#8220;green&#8220; align=&#8220;center&#8220; css=&#8220;.vc_custom_1712649530681{border-radius: 20px !important;}&#8220;][\/vc_column][vc_column width=&#8220;1\/3&#8243;][vc_single_image image=&#8220;4343&#8243; alignment=&#8220;center&#8220;][vc_column_text]<\/p>\n<h4 style=\"text-align: center;\">2 Packungen<br \/>\n6 Portionsbeutel f\u00fcr 6 Waschg\u00e4nge<\/h4>\n<p style=\"text-align: center;\">39,97 PLN f\u00fcr 1 Packung<br \/>\n<strong>Mehr kaufen 10% Rabatt<\/strong><\/p>\n<p>[\/vc_column_text][vc_btn title=&#8220;Schaltfl\u00e4che&#8220; shape=&#8220;round&#8220; color=&#8220;green&#8220; align=&#8220;center&#8220; i_icon_fontawesome=&#8220;fas fa-cart-arrow-down&#8220; add_icon=&#8220;true&#8220; css=&#8220;.vc_custom_1712649601077{border-radius: 20px !important;}&#8220;][\/vc_column][vc_column width=&#8220;1\/3&#8243;][vc_single_image image=&#8220;4343&#8243; alignment=&#8220;center&#8220;][vc_column_text]<\/p>\n<h4 style=\"text-align: center;\">2 Packungen<br \/>\n6 Portionsbeutel f\u00fcr 6 Waschg\u00e4nge<\/h4>\n<p style=\"text-align: center;\">39,97 PLN f\u00fcr 1 Packung<br \/>\n<strong>Mehr kaufen 10% Rabatt<\/strong><\/p>\n<p>[\/vc_column_text][vc_btn title=&#8220;Schaltfl\u00e4che&#8220; shape=&#8220;round&#8220; color=&#8220;green&#8220; align=&#8220;center&#8220; css=&#8220;.vc_custom_1712649530681{border-radius: 20px !important;}&#8220;][\/vc_column][\/vc_row][vc_row css=&#8220;.vc_custom_1712650658115{padding-top: 50px !important;padding-bottom: 50px !important;}&#8220;][vc_column][vc_custom_heading text=&#8220;Entweder sind die Haare weg oder wir erstatten Ihnen Ihr Geld zur\u00fcck!&#8220; use_theme_fonts=&#8220;yes&#8220;][vc_column_text]<\/p>\n<p style=\"text-align: center;\">Sie m\u00f6chten Vamoosh testen, haben aber Angst, dass es nicht funktioniert? Wir sind von der Wirksamkeit des Vamoosh-Pulvers \u00fcberzeugt, deshalb bieten wir eine Garantie:<br \/>\n<strong>Wenn Vamoosh die Haare nicht entfernt, erstatten wir Ihnen Ihr Geld zur\u00fcck.<\/strong><\/p>\n<p>[\/vc_column_text][vc_btn title=&#8220;Einzelheiten&#8220; style=&#8220;outline-custom&#8220; outline_custom_color=&#8220;#53b82c&#8220; outline_custom_hover_background=&#8220;#e9f9d6&#8243; outline_custom_hover_text=&#8220;#53b82c&#8220; shape=&#8220;round&#8220; align=&#8220;center&#8220; css=&#8220;.vc_custom_1712650223340{border-radius: 20px !important;}&#8220;][\/vc_column][\/vc_row][vc_row css=&#8220;.vc_custom_1712650666529{padding-top: 50px !important;padding-bottom: 50px !important;}&#8220;][vc_column][vc_single_image image=&#8220;3755&#8243; img_size=&#8220;medium&#8220; alignment=&#8220;center&#8220;][vc_custom_heading text=&#8220;H\u00e4ufig gestellte Fragen zu Vamoosh-Pulver zur Entfernung von Tierhaaren&#8220; use_theme_fonts=&#8220;yes&#8220;][vc_tta_accordion title_tag=&#8220;h3&#8243; section_title_tag=&#8220;h5&#8243; color=&#8220;green&#8220; active_section=&#8220;1&#8243;][vc_tta_section title=&#8220;Kapitel 1&#8243; tab_id=&#8220;1712650349362-b0314d5c-613e&#8220;][vc_column_text]Ich bin ein Textblock. Klicken Sie auf die Schaltfl\u00e4che Bearbeiten, um diesen Text zu \u00e4ndern. Lorem ipsum dolor sit amet, consectetur adipiscing elit. Ut elit tellus, luctus nec ullamcorper mattis, pulvinar dapibus leo.[\/vc_column_text][\/vc_tta_section][vc_tta_section title=&#8220;Kapitel 2&#8243; tab_id=&#8220;1712650349413-4a2bb884-33fb&#8220;][vc_column_text]Ich bin ein Textblock. Klicken Sie auf die Schaltfl\u00e4che Bearbeiten, um diesen Text zu \u00e4ndern. Lorem ipsum dolor sit amet, consectetur adipiscing elit. Ut elit tellus, luctus nec ullamcorper mattis, pulvinar dapibus leo.[\/vc_column_text][\/vc_tta_section][\/vc_tta_accordion][\/vc_column][\/vc_row]<\/p>\n<\/div>","protected":false},"excerpt":{"rendered":"<p>[vc_row full_width=&#8220;stretch_row&#8220; css=&#8220;.vc_custom_1712645631782{padding-left: 0px !important;background-color: #181f29 !important;}&#8220; el_class=&#8220;row-w-image row-w-color-dark&#8220;][vc_column width=&#8220;1\/2&#8243; css=&#8220;.vc_custom_1712644186166{padding-top: 0px !important;padding-bottom: 0px !important;padding-left: 0px !important;}&#8220;][vc_single_image image=&#8220;3494&#8243; img_size=&#8220;medium&#8220; alignment=&#8220;center&#8220; css=&#8220;.vc_custom_1712644248125{margin-bottom: 0px !important;}&#8220;][\/vc_column][vc_column width=&#8220;1\/2&#8243; css=&#8220;.vc_custom_1712645203494{padding-right: 30px !important;padding-left: 35px !important;}&#8220;][vc_custom_heading text=&#8220;Ich liebe es!&#8220; font_container=&#8220;tag:h2|text_align:left|color:%23ffffff&#8220; use_theme_fonts=&#8220;yes&#8220;][vc_column_text]Ich bin ein Textblock. Klicken Sie auf die Schaltfl\u00e4che Bearbeiten, um diesen Text zu \u00e4ndern. Lorem ipsum dolor sit amet, consectetur adipiscing [&hellip;]<\/p>\n","protected":false},"author":4,"featured_media":0,"parent":0,"menu_order":0,"comment_status":"closed","ping_status":"closed","template":"","meta":{"inline_featured_image":false,"footnotes":""},"yoast_head":"<!-- This site is optimized with the Yoast SEO plugin v23.8 - https:\/\/yoast.com\/wordpress\/plugins\/seo\/ -->\n<title>Beispielseite | 3R - second hand electronics<\/title>\n<meta name=\"robots\" content=\"index, follow, max-snippet:-1, max-image-preview:large, max-video-preview:-1\" \/>\n<link rel=\"canonical\" href=\"https:\/\/3r.com.pl\/de\/beispielseite\/\" \/>\n<meta property=\"og:locale\" content=\"de_DE\" \/>\n<meta property=\"og:type\" content=\"article\" \/>\n<meta property=\"og:title\" content=\"Beispielseite | 3R - second hand electronics\" \/>\n<meta property=\"og:description\" content=\"[vc_row full_width=&#8220;stretch_row&#8220; css=&#8220;.vc_custom_1712645631782{padding-left: 0px !important;background-color: #181f29 !important;}&#8220; el_class=&#8220;row-w-image row-w-color-dark&#8220;][vc_column width=&#8220;1\/2&#8243; css=&#8220;.vc_custom_1712644186166{padding-top: 0px !important;padding-bottom: 0px !important;padding-left: 0px !important;}&#8220;][vc_single_image image=&#8220;3494&#8243; img_size=&#8220;medium&#8220; alignment=&#8220;center&#8220; css=&#8220;.vc_custom_1712644248125{margin-bottom: 0px !important;}&#8220;][\/vc_column][vc_column width=&#8220;1\/2&#8243; css=&#8220;.vc_custom_1712645203494{padding-right: 30px !important;padding-left: 35px !important;}&#8220;][vc_custom_heading text=&#8220;Ich liebe es!&#8220; font_container=&#8220;tag:h2|text_align:left|color:%23ffffff&#8220; use_theme_fonts=&#8220;yes&#8220;][vc_column_text]Ich bin ein Textblock. Klicken Sie auf die Schaltfl\u00e4che Bearbeiten, um diesen Text zu \u00e4ndern. Lorem ipsum dolor sit amet, consectetur adipiscing [&hellip;]\" \/>\n<meta property=\"og:url\" content=\"https:\/\/3r.com.pl\/de\/beispielseite\/\" \/>\n<meta property=\"og:site_name\" content=\"3R - second hand electronics\" \/>\n<meta property=\"article:publisher\" content=\"https:\/\/www.facebook.com\/firma3R\/\" \/>\n<meta property=\"article:modified_time\" content=\"2024-04-09T08:25:35+00:00\" \/>\n<meta name=\"twitter:card\" content=\"summary_large_image\" \/>\n<meta name=\"twitter:site\" content=\"@3Ritbroker\" \/>\n<meta name=\"twitter:label1\" content=\"Gesch\u00e4tzte Lesezeit\" \/>\n\t<meta name=\"twitter:data1\" content=\"6\u00a0Minuten\" \/>\n<script type=\"application\/ld+json\" class=\"yoast-schema-graph\">{\"@context\":\"https:\/\/schema.org\",\"@graph\":[{\"@type\":\"WebPage\",\"@id\":\"https:\/\/3r.com.pl\/de\/beispielseite\/\",\"url\":\"https:\/\/3r.com.pl\/de\/beispielseite\/\",\"name\":\"Beispielseite | 3R - second hand electronics\",\"isPartOf\":{\"@id\":\"https:\/\/3r.com.pl\/de\/#website\"},\"datePublished\":\"2024-04-09T06:40:30+00:00\",\"dateModified\":\"2024-04-09T08:25:35+00:00\",\"breadcrumb\":{\"@id\":\"https:\/\/3r.com.pl\/de\/beispielseite\/#breadcrumb\"},\"inLanguage\":\"de\",\"potentialAction\":[{\"@type\":\"ReadAction\",\"target\":[\"https:\/\/3r.com.pl\/de\/beispielseite\/\"]}]},{\"@type\":\"BreadcrumbList\",\"@id\":\"https:\/\/3r.com.pl\/de\/beispielseite\/#breadcrumb\",\"itemListElement\":[{\"@type\":\"ListItem\",\"position\":1,\"name\":\"Strona g\u0142\u00f3wna\",\"item\":\"https:\/\/3r.com.pl\/de\/\"},{\"@type\":\"ListItem\",\"position\":2,\"name\":\"Beispielseite\"}]},{\"@type\":\"WebSite\",\"@id\":\"https:\/\/3r.com.pl\/de\/#website\",\"url\":\"https:\/\/3r.com.pl\/de\/\",\"name\":\"3R - second hand electronics\",\"description\":\"Odkup i Audyt Sprz\u0119tu IT - Niszczenie Dysk\u00f3w\",\"publisher\":{\"@id\":\"https:\/\/3r.com.pl\/de\/#organization\"},\"potentialAction\":[{\"@type\":\"SearchAction\",\"target\":{\"@type\":\"EntryPoint\",\"urlTemplate\":\"https:\/\/3r.com.pl\/de\/?s={search_term_string}\"},\"query-input\":{\"@type\":\"PropertyValueSpecification\",\"valueRequired\":true,\"valueName\":\"search_term_string\"}}],\"inLanguage\":\"de\"},{\"@type\":\"Organization\",\"@id\":\"https:\/\/3r.com.pl\/de\/#organization\",\"name\":\"3R - second hand electronics\",\"url\":\"https:\/\/3r.com.pl\/de\/\",\"logo\":{\"@type\":\"ImageObject\",\"inLanguage\":\"de\",\"@id\":\"https:\/\/3r.com.pl\/de\/#\/schema\/logo\/image\/\",\"url\":\"https:\/\/3r.com.pl\/wp-content\/uploads\/3R_LOGO_RGB.svg\",\"contentUrl\":\"https:\/\/3r.com.pl\/wp-content\/uploads\/3R_LOGO_RGB.svg\",\"width\":100,\"height\":100,\"caption\":\"3R - second hand electronics\"},\"image\":{\"@id\":\"https:\/\/3r.com.pl\/de\/#\/schema\/logo\/image\/\"},\"sameAs\":[\"https:\/\/www.facebook.com\/firma3R\/\",\"https:\/\/x.com\/3Ritbroker\",\"https:\/\/www.youtube.com\/channel\/UCf_JPpmUQy-tcz06bRmk1-Q\"]}]}<\/script>\n<!-- \/ Yoast SEO plugin. -->","yoast_head_json":{"title":"Beispielseite | 3R - second hand electronics","robots":{"index":"index","follow":"follow","max-snippet":"max-snippet:-1","max-image-preview":"max-image-preview:large","max-video-preview":"max-video-preview:-1"},"canonical":"https:\/\/3r.com.pl\/de\/beispielseite\/","og_locale":"de_DE","og_type":"article","og_title":"Beispielseite | 3R - second hand electronics","og_description":"[vc_row full_width=&#8220;stretch_row&#8220; css=&#8220;.vc_custom_1712645631782{padding-left: 0px !important;background-color: #181f29 !important;}&#8220; el_class=&#8220;row-w-image row-w-color-dark&#8220;][vc_column width=&#8220;1\/2&#8243; css=&#8220;.vc_custom_1712644186166{padding-top: 0px !important;padding-bottom: 0px !important;padding-left: 0px !important;}&#8220;][vc_single_image image=&#8220;3494&#8243; img_size=&#8220;medium&#8220; alignment=&#8220;center&#8220; css=&#8220;.vc_custom_1712644248125{margin-bottom: 0px !important;}&#8220;][\/vc_column][vc_column width=&#8220;1\/2&#8243; css=&#8220;.vc_custom_1712645203494{padding-right: 30px !important;padding-left: 35px !important;}&#8220;][vc_custom_heading text=&#8220;Ich liebe es!&#8220; font_container=&#8220;tag:h2|text_align:left|color:%23ffffff&#8220; use_theme_fonts=&#8220;yes&#8220;][vc_column_text]Ich bin ein Textblock. Klicken Sie auf die Schaltfl\u00e4che Bearbeiten, um diesen Text zu \u00e4ndern. Lorem ipsum dolor sit amet, consectetur adipiscing [&hellip;]","og_url":"https:\/\/3r.com.pl\/de\/beispielseite\/","og_site_name":"3R - second hand electronics","article_publisher":"https:\/\/www.facebook.com\/firma3R\/","article_modified_time":"2024-04-09T08:25:35+00:00","twitter_card":"summary_large_image","twitter_site":"@3Ritbroker","twitter_misc":{"Gesch\u00e4tzte Lesezeit":"6\u00a0Minuten"},"schema":{"@context":"https:\/\/schema.org","@graph":[{"@type":"WebPage","@id":"https:\/\/3r.com.pl\/de\/beispielseite\/","url":"https:\/\/3r.com.pl\/de\/beispielseite\/","name":"Beispielseite | 3R - second hand electronics","isPartOf":{"@id":"https:\/\/3r.com.pl\/de\/#website"},"datePublished":"2024-04-09T06:40:30+00:00","dateModified":"2024-04-09T08:25:35+00:00","breadcrumb":{"@id":"https:\/\/3r.com.pl\/de\/beispielseite\/#breadcrumb"},"inLanguage":"de","potentialAction":[{"@type":"ReadAction","target":["https:\/\/3r.com.pl\/de\/beispielseite\/"]}]},{"@type":"BreadcrumbList","@id":"https:\/\/3r.com.pl\/de\/beispielseite\/#breadcrumb","itemListElement":[{"@type":"ListItem","position":1,"name":"Strona g\u0142\u00f3wna","item":"https:\/\/3r.com.pl\/de\/"},{"@type":"ListItem","position":2,"name":"Beispielseite"}]},{"@type":"WebSite","@id":"https:\/\/3r.com.pl\/de\/#website","url":"https:\/\/3r.com.pl\/de\/","name":"3R - second hand electronics","description":"Odkup i Audyt Sprz\u0119tu IT - Niszczenie Dysk\u00f3w","publisher":{"@id":"https:\/\/3r.com.pl\/de\/#organization"},"potentialAction":[{"@type":"SearchAction","target":{"@type":"EntryPoint","urlTemplate":"https:\/\/3r.com.pl\/de\/?s={search_term_string}"},"query-input":{"@type":"PropertyValueSpecification","valueRequired":true,"valueName":"search_term_string"}}],"inLanguage":"de"},{"@type":"Organization","@id":"https:\/\/3r.com.pl\/de\/#organization","name":"3R - second hand electronics","url":"https:\/\/3r.com.pl\/de\/","logo":{"@type":"ImageObject","inLanguage":"de","@id":"https:\/\/3r.com.pl\/de\/#\/schema\/logo\/image\/","url":"https:\/\/3r.com.pl\/wp-content\/uploads\/3R_LOGO_RGB.svg","contentUrl":"https:\/\/3r.com.pl\/wp-content\/uploads\/3R_LOGO_RGB.svg","width":100,"height":100,"caption":"3R - second hand electronics"},"image":{"@id":"https:\/\/3r.com.pl\/de\/#\/schema\/logo\/image\/"},"sameAs":["https:\/\/www.facebook.com\/firma3R\/","https:\/\/x.com\/3Ritbroker","https:\/\/www.youtube.com\/channel\/UCf_JPpmUQy-tcz06bRmk1-Q"]}]}},"wps_subtitle":"","_links":{"self":[{"href":"https:\/\/3r.com.pl\/de\/wp-json\/wp\/v2\/pages\/4367"}],"collection":[{"href":"https:\/\/3r.com.pl\/de\/wp-json\/wp\/v2\/pages"}],"about":[{"href":"https:\/\/3r.com.pl\/de\/wp-json\/wp\/v2\/types\/page"}],"author":[{"embeddable":true,"href":"https:\/\/3r.com.pl\/de\/wp-json\/wp\/v2\/users\/4"}],"replies":[{"embeddable":true,"href":"https:\/\/3r.com.pl\/de\/wp-json\/wp\/v2\/comments?post=4367"}],"version-history":[{"count":0,"href":"https:\/\/3r.com.pl\/de\/wp-json\/wp\/v2\/pages\/4367\/revisions"}],"wp:attachment":[{"href":"https:\/\/3r.com.pl\/de\/wp-json\/wp\/v2\/media?parent=4367"}],"curies":[{"name":"wp","href":"https:\/\/api.w.org\/{rel}","templated":true}]}}