{"id":700,"date":"2017-07-04T11:50:18","date_gmt":"2017-07-04T10:50:18","guid":{"rendered":"https:\/\/3r.com.pl\/firma\/"},"modified":"2024-12-13T13:38:01","modified_gmt":"2024-12-13T12:38:01","slug":"nachrichten","status":"publish","type":"page","link":"https:\/\/3r.com.pl\/de\/nachrichten\/","title":{"rendered":"Nachrichten"},"content":{"rendered":"<div class=\"wpb-content-wrapper\"><p>[vc_row disable_element=&#8220;yes&#8220;][vc_column][vc_column_text]<div id=\"recent-news\">\n        <h4 class=\"section-title\">\n        <span>Mitteilungen<\/span>\n    <\/h4>\n            <h5 class=\"section-subtitle\">\n        Z ostatniej chwili    <\/h5>\n            <img decoding=\"async\" src=\"https:\/\/3r.com.pl\/wp-content\/uploads\/ikona-3R_aktualnosci.svg\" class=\"section-img\" alt=\"\">\n        <div class=\"list-items\">\n                                <article class=\"news\">\n            <span class=\"news-datetime\">\n                24 April 2025            <\/span>\n            <h6 class=\"news-title\">\n                Zako\u0144czyli\u015bmy odsprzeda\u017c pracownicz\u0105 dla jednej z firm sektora medycznego.            <\/h6>\n        <\/article>\n                                        <article class=\"news\">\n            <span class=\"news-datetime\">\n                15 April 2025            <\/span>\n            <h6 class=\"news-title\">\n                Odebrali\u015bmy i zniszczyli\u015bmy 1500 sztuk twardych dysk\u00f3w od firmy z bran\u017cy IT.            <\/h6>\n        <\/article>\n                                        <article class=\"news\">\n            <span class=\"news-datetime\">\n                7 April 2025            <\/span>\n            <h6 class=\"news-title\">\n                Odkupili\u015bmy 230 laptop\u00f3w firmy Apple .            <\/h6>\n        <\/article>\n                                        <article class=\"news\">\n            <span class=\"news-datetime\">\n                26 M\u00e4rz 2025            <\/span>\n            <h6 class=\"news-title\">\n                Jeste\u015bmy w trakcie nadpisu 2500 sztuk dysk\u00f3w twardych.            <\/h6>\n        <\/article>\n                                        <article class=\"news\">\n            <span class=\"news-datetime\">\n                15 M\u00e4rz 2025            <\/span>\n            <h6 class=\"news-title\">\n                Zako\u0144czyli\u015bmy audyt 2300 sztuk laptop\u00f3w dla jednej z sieci handlowych.            <\/h6>\n        <\/article>\n                                        <article class=\"news\">\n            <span class=\"news-datetime\">\n                7 M\u00e4rz 2025            <\/span>\n            <h6 class=\"news-title\">\n                Odebrali\u015bmy kolejne 50 palet sprz\u0119tu od sp\u00f3\u0142ki akcyjnej z sektora bankowego.            <\/h6>\n        <\/article>\n                                        <article class=\"news\">\n            <span class=\"news-datetime\">\n                28 Februar 2025            <\/span>\n            <h6 class=\"news-title\">\n                Nawi\u0105zali\u015bmy wsp\u00f3\u0142prac\u0119 z firm\u0105 z bran\u017cy kosmetycznej i odebrali\u015bmy 15 palet sprz\u0119tu IT            <\/h6>\n        <\/article>\n                                        <article class=\"news\">\n            <span class=\"news-datetime\">\n                20 Februar 2025            <\/span>\n            <h6 class=\"news-title\">\n                Odkupili\u015bmy ponad 300 laptop\u00f3w firmy Apple.            <\/h6>\n        <\/article>\n                                        <article class=\"news\">\n            <span class=\"news-datetime\">\n                9 Februar 2025            <\/span>\n            <h6 class=\"news-title\">\n                Zniszczyli\u015bmy ponad 3000 sztuk twardych dysk\u00f3w od firmy z bran\u017cy bankowej.            <\/h6>\n        <\/article>\n                                        <article class=\"news\">\n            <span class=\"news-datetime\">\n                27 Januar 2025            <\/span>\n            <h6 class=\"news-title\">\n                Nawi\u0105zali\u015bmy wsp\u00f3\u0142prac\u0119 z firm\u0105 z bran\u017cy bankowej i odkupili\u015bmy od niej ponad 1000 sztuk komputer\u00f3w.            <\/h6>\n        <\/article>\n                                        <article class=\"news\">\n            <span class=\"news-datetime\">\n                17 Januar 2025            <\/span>\n            <h6 class=\"news-title\">\n                Odebrali\u015bmy ponad 100 palet sprz\u0119tu ze sp\u00f3\u0142ki pa\u0144stwowej.            <\/h6>\n        <\/article>\n                                        <article class=\"news\">\n            <span class=\"news-datetime\">\n                8 Januar 2025            <\/span>\n            <h6 class=\"news-title\">\n                W\u0142a\u015bnie odkupili\u015bmy ponad 500 sztuk telefon\u00f3w kom\u00f3rkowych Apple.            <\/h6>\n        <\/article>\n                                        <article class=\"news\">\n            <span class=\"news-datetime\">\n                27 Dezember 2024            <\/span>\n            <h6 class=\"news-title\">\n                Zako\u0144czyli\u015bmy audyt 1500 sztuk sprz\u0119tu dla jednej z sieci handlowych.            <\/h6>\n        <\/article>\n                                        <article class=\"news\">\n            <span class=\"news-datetime\">\n                17 Dezember 2024            <\/span>\n            <h6 class=\"news-title\">\n                Odebrali\u015bmy i zniszczyli\u015bmy 2000 sztuk twardych dysk\u00f3w od firmy z bran\u017cy IT.            <\/h6>\n        <\/article>\n                                        <article class=\"news\">\n            <span class=\"news-datetime\">\n                9 Dezember 2024            <\/span>\n            <h6 class=\"news-title\">\n                Nawi\u0105zali\u015bmy wsp\u00f3\u0142prac\u0119 z firm\u0105 z bran\u017cy energetycznej i odkupili\u015bmy prawie 800 komputer\u00f3w i laptop\u00f3w.            <\/h6>\n        <\/article>\n                                        <article class=\"news\">\n            <span class=\"news-datetime\">\n                3 Dezember 2024            <\/span>\n            <h6 class=\"news-title\">\n                Odebrali\u015bmy 85 palet sprz\u0119tu od sp\u00f3\u0142ki akcyjnej z sektora bankowego.            <\/h6>\n        <\/article>\n                                        <article class=\"news\">\n            <span class=\"news-datetime\">\n                27 November 2024            <\/span>\n            <h6 class=\"news-title\">\n                Sko\u0144czyli\u015bmy nadpis ponad 1800 dysk\u00f3w twardych.            <\/h6>\n        <\/article>\n                                        <article class=\"news\">\n            <span class=\"news-datetime\">\n                18 November 2024            <\/span>\n            <h6 class=\"news-title\">\n                Zako\u0144czyli\u015bmy audyt sprz\u0119tu odebranego od jednej z agencji pa\u0144stwowych.            <\/h6>\n        <\/article>\n                                        <article class=\"news\">\n            <span class=\"news-datetime\">\n                6 November 2024            <\/span>\n            <h6 class=\"news-title\">\n                Podpisali\u015bmy umow\u0119 o wsp\u00f3\u0142pracy z jedn\u0105 z najwi\u0119kszych firm w Polsce z bran\u017cy handlowej.            <\/h6>\n        <\/article>\n                                        <article class=\"news\">\n            <span class=\"news-datetime\">\n                31 Oktober 2024            <\/span>\n            <h6 class=\"news-title\">\n                Zniszczyli\u015bmy 2500 szt. dysk\u00f3w twardych od jednej z firm ze sp\u00f3\u0142ki skarbu pa\u0144stwa.            <\/h6>\n        <\/article>\n                    <\/div>\n    <div class=\"uk-pagination\">\n        <ul class=\"pagination uk-pagination\"><li class=\"uk-active\"><span aria-current=\"page\" class=\"page-numbers current\">1<\/span><\/li><li><a class=\"page-numbers\" href=\"https:\/\/3r.com.pl\/de\/wp-json\/wp\/v2\/pages\/700\/page\/2\/\">2<\/a><\/li><li><a class=\"page-numbers\" href=\"https:\/\/3r.com.pl\/de\/wp-json\/wp\/v2\/pages\/700\/page\/3\/\">3<\/a><\/li><li><span class=\"page-numbers dots\">&hellip;<\/span><\/li><li><a class=\"page-numbers\" href=\"https:\/\/3r.com.pl\/de\/wp-json\/wp\/v2\/pages\/700\/page\/13\/\">13<\/a><\/li><\/ul>    <\/div>\n<\/div>\n[\/vc_column_text][\/vc_column][\/vc_row]<\/p>\n<\/div>","protected":false},"excerpt":{"rendered":"<p>[vc_row disable_element=&#8220;yes&#8220;][vc_column][vc_column_text][\/vc_column_text][\/vc_column][\/vc_row]<\/p>\n","protected":false},"author":11,"featured_media":506,"parent":0,"menu_order":0,"comment_status":"closed","ping_status":"closed","template":"","meta":{"inline_featured_image":false,"footnotes":""},"yoast_head":"<!-- This site is optimized with the Yoast SEO plugin v23.8 - https:\/\/yoast.com\/wordpress\/plugins\/seo\/ -->\n<title>Nachrichten | 3R - second hand electronics<\/title>\n<meta name=\"robots\" content=\"index, follow, max-snippet:-1, max-image-preview:large, max-video-preview:-1\" \/>\n<link rel=\"canonical\" href=\"https:\/\/3r.com.pl\/de\/nachrichten\/\" \/>\n<meta property=\"og:locale\" content=\"de_DE\" \/>\n<meta property=\"og:type\" content=\"article\" \/>\n<meta property=\"og:title\" content=\"Nachrichten | 3R - second hand electronics\" \/>\n<meta property=\"og:description\" content=\"[vc_row disable_element=&#8220;yes&#8220;][vc_column][vc_column_text][\/vc_column_text][\/vc_column][\/vc_row]\" \/>\n<meta property=\"og:url\" content=\"https:\/\/3r.com.pl\/de\/nachrichten\/\" \/>\n<meta property=\"og:site_name\" content=\"3R - second hand electronics\" \/>\n<meta property=\"article:publisher\" content=\"https:\/\/www.facebook.com\/firma3R\/\" \/>\n<meta property=\"article:modified_time\" content=\"2024-12-13T12:38:01+00:00\" \/>\n<meta property=\"og:image\" content=\"https:\/\/3r.com.pl\/wp-content\/uploads\/firma.jpg\" \/>\n\t<meta property=\"og:image:width\" content=\"1920\" \/>\n\t<meta property=\"og:image:height\" content=\"280\" \/>\n\t<meta property=\"og:image:type\" content=\"image\/jpeg\" \/>\n<meta name=\"twitter:card\" content=\"summary_large_image\" \/>\n<meta name=\"twitter:site\" content=\"@3Ritbroker\" \/>\n<meta name=\"twitter:label1\" content=\"Gesch\u00e4tzte Lesezeit\" \/>\n\t<meta name=\"twitter:data1\" content=\"1\u00a0Minute\" \/>\n<script type=\"application\/ld+json\" class=\"yoast-schema-graph\">{\"@context\":\"https:\/\/schema.org\",\"@graph\":[{\"@type\":\"WebPage\",\"@id\":\"https:\/\/3r.com.pl\/de\/nachrichten\/\",\"url\":\"https:\/\/3r.com.pl\/de\/nachrichten\/\",\"name\":\"Nachrichten | 3R - second hand electronics\",\"isPartOf\":{\"@id\":\"https:\/\/3r.com.pl\/de\/#website\"},\"primaryImageOfPage\":{\"@id\":\"https:\/\/3r.com.pl\/de\/nachrichten\/#primaryimage\"},\"image\":{\"@id\":\"https:\/\/3r.com.pl\/de\/nachrichten\/#primaryimage\"},\"thumbnailUrl\":\"https:\/\/3r.com.pl\/wp-content\/uploads\/firma.jpg\",\"datePublished\":\"2017-07-04T10:50:18+00:00\",\"dateModified\":\"2024-12-13T12:38:01+00:00\",\"breadcrumb\":{\"@id\":\"https:\/\/3r.com.pl\/de\/nachrichten\/#breadcrumb\"},\"inLanguage\":\"de\",\"potentialAction\":[{\"@type\":\"ReadAction\",\"target\":[\"https:\/\/3r.com.pl\/de\/nachrichten\/\"]}]},{\"@type\":\"ImageObject\",\"inLanguage\":\"de\",\"@id\":\"https:\/\/3r.com.pl\/de\/nachrichten\/#primaryimage\",\"url\":\"https:\/\/3r.com.pl\/wp-content\/uploads\/firma.jpg\",\"contentUrl\":\"https:\/\/3r.com.pl\/wp-content\/uploads\/firma.jpg\",\"width\":1920,\"height\":280},{\"@type\":\"BreadcrumbList\",\"@id\":\"https:\/\/3r.com.pl\/de\/nachrichten\/#breadcrumb\",\"itemListElement\":[{\"@type\":\"ListItem\",\"position\":1,\"name\":\"Strona g\u0142\u00f3wna\",\"item\":\"https:\/\/3r.com.pl\/de\/\"},{\"@type\":\"ListItem\",\"position\":2,\"name\":\"Nachrichten\"}]},{\"@type\":\"WebSite\",\"@id\":\"https:\/\/3r.com.pl\/de\/#website\",\"url\":\"https:\/\/3r.com.pl\/de\/\",\"name\":\"3R - second hand electronics\",\"description\":\"Odkup i Audyt Sprz\u0119tu IT - Niszczenie Dysk\u00f3w\",\"publisher\":{\"@id\":\"https:\/\/3r.com.pl\/de\/#organization\"},\"potentialAction\":[{\"@type\":\"SearchAction\",\"target\":{\"@type\":\"EntryPoint\",\"urlTemplate\":\"https:\/\/3r.com.pl\/de\/?s={search_term_string}\"},\"query-input\":{\"@type\":\"PropertyValueSpecification\",\"valueRequired\":true,\"valueName\":\"search_term_string\"}}],\"inLanguage\":\"de\"},{\"@type\":\"Organization\",\"@id\":\"https:\/\/3r.com.pl\/de\/#organization\",\"name\":\"3R - second hand electronics\",\"url\":\"https:\/\/3r.com.pl\/de\/\",\"logo\":{\"@type\":\"ImageObject\",\"inLanguage\":\"de\",\"@id\":\"https:\/\/3r.com.pl\/de\/#\/schema\/logo\/image\/\",\"url\":\"https:\/\/3r.com.pl\/wp-content\/uploads\/3R_LOGO_RGB.svg\",\"contentUrl\":\"https:\/\/3r.com.pl\/wp-content\/uploads\/3R_LOGO_RGB.svg\",\"width\":100,\"height\":100,\"caption\":\"3R - second hand electronics\"},\"image\":{\"@id\":\"https:\/\/3r.com.pl\/de\/#\/schema\/logo\/image\/\"},\"sameAs\":[\"https:\/\/www.facebook.com\/firma3R\/\",\"https:\/\/x.com\/3Ritbroker\",\"https:\/\/www.youtube.com\/channel\/UCf_JPpmUQy-tcz06bRmk1-Q\"]}]}<\/script>\n<!-- \/ Yoast SEO plugin. -->","yoast_head_json":{"title":"Nachrichten | 3R - second hand electronics","robots":{"index":"index","follow":"follow","max-snippet":"max-snippet:-1","max-image-preview":"max-image-preview:large","max-video-preview":"max-video-preview:-1"},"canonical":"https:\/\/3r.com.pl\/de\/nachrichten\/","og_locale":"de_DE","og_type":"article","og_title":"Nachrichten | 3R - second hand electronics","og_description":"[vc_row disable_element=&#8220;yes&#8220;][vc_column][vc_column_text][\/vc_column_text][\/vc_column][\/vc_row]","og_url":"https:\/\/3r.com.pl\/de\/nachrichten\/","og_site_name":"3R - second hand electronics","article_publisher":"https:\/\/www.facebook.com\/firma3R\/","article_modified_time":"2024-12-13T12:38:01+00:00","og_image":[{"width":1920,"height":280,"url":"https:\/\/3r.com.pl\/wp-content\/uploads\/firma.jpg","type":"image\/jpeg"}],"twitter_card":"summary_large_image","twitter_site":"@3Ritbroker","twitter_misc":{"Gesch\u00e4tzte Lesezeit":"1\u00a0Minute"},"schema":{"@context":"https:\/\/schema.org","@graph":[{"@type":"WebPage","@id":"https:\/\/3r.com.pl\/de\/nachrichten\/","url":"https:\/\/3r.com.pl\/de\/nachrichten\/","name":"Nachrichten | 3R - second hand electronics","isPartOf":{"@id":"https:\/\/3r.com.pl\/de\/#website"},"primaryImageOfPage":{"@id":"https:\/\/3r.com.pl\/de\/nachrichten\/#primaryimage"},"image":{"@id":"https:\/\/3r.com.pl\/de\/nachrichten\/#primaryimage"},"thumbnailUrl":"https:\/\/3r.com.pl\/wp-content\/uploads\/firma.jpg","datePublished":"2017-07-04T10:50:18+00:00","dateModified":"2024-12-13T12:38:01+00:00","breadcrumb":{"@id":"https:\/\/3r.com.pl\/de\/nachrichten\/#breadcrumb"},"inLanguage":"de","potentialAction":[{"@type":"ReadAction","target":["https:\/\/3r.com.pl\/de\/nachrichten\/"]}]},{"@type":"ImageObject","inLanguage":"de","@id":"https:\/\/3r.com.pl\/de\/nachrichten\/#primaryimage","url":"https:\/\/3r.com.pl\/wp-content\/uploads\/firma.jpg","contentUrl":"https:\/\/3r.com.pl\/wp-content\/uploads\/firma.jpg","width":1920,"height":280},{"@type":"BreadcrumbList","@id":"https:\/\/3r.com.pl\/de\/nachrichten\/#breadcrumb","itemListElement":[{"@type":"ListItem","position":1,"name":"Strona g\u0142\u00f3wna","item":"https:\/\/3r.com.pl\/de\/"},{"@type":"ListItem","position":2,"name":"Nachrichten"}]},{"@type":"WebSite","@id":"https:\/\/3r.com.pl\/de\/#website","url":"https:\/\/3r.com.pl\/de\/","name":"3R - second hand electronics","description":"Odkup i Audyt Sprz\u0119tu IT - Niszczenie Dysk\u00f3w","publisher":{"@id":"https:\/\/3r.com.pl\/de\/#organization"},"potentialAction":[{"@type":"SearchAction","target":{"@type":"EntryPoint","urlTemplate":"https:\/\/3r.com.pl\/de\/?s={search_term_string}"},"query-input":{"@type":"PropertyValueSpecification","valueRequired":true,"valueName":"search_term_string"}}],"inLanguage":"de"},{"@type":"Organization","@id":"https:\/\/3r.com.pl\/de\/#organization","name":"3R - second hand electronics","url":"https:\/\/3r.com.pl\/de\/","logo":{"@type":"ImageObject","inLanguage":"de","@id":"https:\/\/3r.com.pl\/de\/#\/schema\/logo\/image\/","url":"https:\/\/3r.com.pl\/wp-content\/uploads\/3R_LOGO_RGB.svg","contentUrl":"https:\/\/3r.com.pl\/wp-content\/uploads\/3R_LOGO_RGB.svg","width":100,"height":100,"caption":"3R - second hand electronics"},"image":{"@id":"https:\/\/3r.com.pl\/de\/#\/schema\/logo\/image\/"},"sameAs":["https:\/\/www.facebook.com\/firma3R\/","https:\/\/x.com\/3Ritbroker","https:\/\/www.youtube.com\/channel\/UCf_JPpmUQy-tcz06bRmk1-Q"]}]}},"wps_subtitle":"","_links":{"self":[{"href":"https:\/\/3r.com.pl\/de\/wp-json\/wp\/v2\/pages\/700"}],"collection":[{"href":"https:\/\/3r.com.pl\/de\/wp-json\/wp\/v2\/pages"}],"about":[{"href":"https:\/\/3r.com.pl\/de\/wp-json\/wp\/v2\/types\/page"}],"author":[{"embeddable":true,"href":"https:\/\/3r.com.pl\/de\/wp-json\/wp\/v2\/users\/11"}],"replies":[{"embeddable":true,"href":"https:\/\/3r.com.pl\/de\/wp-json\/wp\/v2\/comments?post=700"}],"version-history":[{"count":0,"href":"https:\/\/3r.com.pl\/de\/wp-json\/wp\/v2\/pages\/700\/revisions"}],"wp:featuredmedia":[{"embeddable":true,"href":"https:\/\/3r.com.pl\/de\/wp-json\/wp\/v2\/media\/506"}],"wp:attachment":[{"href":"https:\/\/3r.com.pl\/de\/wp-json\/wp\/v2\/media?parent=700"}],"curies":[{"name":"wp","href":"https:\/\/api.w.org\/{rel}","templated":true}]}}